{"id":37,"date":"2023-05-06T15:23:10","date_gmt":"2023-05-06T15:23:10","guid":{"rendered":"https:\/\/laperduda.com\/?page_id=37"},"modified":"2023-06-06T17:19:17","modified_gmt":"2023-06-06T17:19:17","slug":"produccion","status":"publish","type":"page","link":"https:\/\/laperduda.com\/index.php\/produccion\/","title":{"rendered":"Producci\u00f3n"},"content":{"rendered":"\t\t<div data-elementor-type=\"wp-page\" data-elementor-id=\"37\" class=\"elementor elementor-37\">\n\t\t\t\t\t\t\t\t\t<section class=\"elementor-section elementor-top-section elementor-element elementor-element-9b6b8cc elementor-section-height-min-height elementor-section-boxed elementor-section-height-default elementor-section-items-middle\" data-id=\"9b6b8cc\" data-element_type=\"section\" data-settings=\"{&quot;background_background&quot;:&quot;classic&quot;}\">\n\t\t\t\t\t\t\t<div class=\"elementor-background-overlay\"><\/div>\n\t\t\t\t\t\t\t<div class=\"elementor-container elementor-column-gap-default\">\n\t\t\t\t\t<div class=\"elementor-column elementor-col-100 elementor-top-column elementor-element elementor-element-dc8dad6\" data-id=\"dc8dad6\" data-element_type=\"column\">\n\t\t\t<div class=\"elementor-widget-wrap elementor-element-populated\">\n\t\t\t\t\t\t\t\t<div class=\"elementor-element elementor-element-6a8737b elementor-invisible elementor-widget elementor-widget-heading\" data-id=\"6a8737b\" data-element_type=\"widget\" data-settings=\"{&quot;_animation&quot;:&quot;fadeInLeft&quot;}\" data-widget_type=\"heading.default\">\n\t\t\t\t<div class=\"elementor-widget-container\">\n\t\t\t<style>\/*! elementor - v3.12.2 - 23-04-2023 *\/\n.elementor-heading-title{padding:0;margin:0;line-height:1}.elementor-widget-heading .elementor-heading-title[class*=elementor-size-]>a{color:inherit;font-size:inherit;line-height:inherit}.elementor-widget-heading .elementor-heading-title.elementor-size-small{font-size:15px}.elementor-widget-heading .elementor-heading-title.elementor-size-medium{font-size:19px}.elementor-widget-heading .elementor-heading-title.elementor-size-large{font-size:29px}.elementor-widget-heading .elementor-heading-title.elementor-size-xl{font-size:39px}.elementor-widget-heading .elementor-heading-title.elementor-size-xxl{font-size:59px}<\/style><h1 class=\"elementor-heading-title elementor-size-default\">Servicios<\/h1>\t\t<\/div>\n\t\t\t\t<\/div>\n\t\t\t\t\t<\/div>\n\t\t<\/div>\n\t\t\t\t\t\t\t<\/div>\n\t\t<\/section>\n\t\t\t\t<section class=\"elementor-section elementor-top-section elementor-element elementor-element-99bc951 elementor-section-boxed elementor-section-height-default elementor-section-height-default\" data-id=\"99bc951\" data-element_type=\"section\">\n\t\t\t\t\t\t<div class=\"elementor-container elementor-column-gap-default\">\n\t\t\t\t\t<div class=\"elementor-column elementor-col-16 elementor-top-column elementor-element elementor-element-f21eeee\" data-id=\"f21eeee\" data-element_type=\"column\">\n\t\t\t<div class=\"elementor-widget-wrap\">\n\t\t\t\t\t\t\t\t\t<\/div>\n\t\t<\/div>\n\t\t\t\t<div class=\"elementor-column elementor-col-66 elementor-top-column elementor-element elementor-element-777f2cf\" data-id=\"777f2cf\" data-element_type=\"column\">\n\t\t\t<div class=\"elementor-widget-wrap elementor-element-populated\">\n\t\t\t\t\t\t\t\t<div class=\"elementor-element elementor-element-4cf8143 elementor-widget elementor-widget-text-editor\" data-id=\"4cf8143\" data-element_type=\"widget\" data-widget_type=\"text-editor.default\">\n\t\t\t\t<div class=\"elementor-widget-container\">\n\t\t\t<style>\/*! elementor - v3.12.2 - 23-04-2023 *\/\n.elementor-widget-text-editor.elementor-drop-cap-view-stacked .elementor-drop-cap{background-color:#69727d;color:#fff}.elementor-widget-text-editor.elementor-drop-cap-view-framed .elementor-drop-cap{color:#69727d;border:3px solid;background-color:transparent}.elementor-widget-text-editor:not(.elementor-drop-cap-view-default) .elementor-drop-cap{margin-top:8px}.elementor-widget-text-editor:not(.elementor-drop-cap-view-default) .elementor-drop-cap-letter{width:1em;height:1em}.elementor-widget-text-editor .elementor-drop-cap{float:left;text-align:center;line-height:1;font-size:50px}.elementor-widget-text-editor .elementor-drop-cap-letter{display:inline-block}<\/style>\t\t\t\t<p>La combinaci\u00f3n entre la curiosidad period\u00edstica, la visi\u00f3n art\u00edstica y la parte m\u00e1s humana hace que desde La perduda podamos entender el mundo y el potencial que tienen ciertos lugares e historias. Escribe a <strong><span style=\"color: #472914;\"><a style=\"color: #472914;\" href=\"mailto:info@laperduda.com\" target=\"_blank\" rel=\"noopener\">info@laperduda.com <\/a><\/span><\/strong>si quieres m\u00e1s detalles sobre los servicios, el portfolio o hacer una propuesta.<\/p>\t\t\t\t\t\t<\/div>\n\t\t\t\t<\/div>\n\t\t\t\t\t<\/div>\n\t\t<\/div>\n\t\t\t\t<div class=\"elementor-column elementor-col-16 elementor-top-column elementor-element elementor-element-cac57ec\" data-id=\"cac57ec\" data-element_type=\"column\">\n\t\t\t<div class=\"elementor-widget-wrap\">\n\t\t\t\t\t\t\t\t\t<\/div>\n\t\t<\/div>\n\t\t\t\t\t\t\t<\/div>\n\t\t<\/section>\n\t\t\t\t<section class=\"elementor-section elementor-top-section elementor-element elementor-element-d6af66b elementor-section-boxed elementor-section-height-default elementor-section-height-default\" data-id=\"d6af66b\" data-element_type=\"section\">\n\t\t\t\t\t\t<div class=\"elementor-container elementor-column-gap-default\">\n\t\t\t\t\t<div class=\"elementor-column elementor-col-33 elementor-top-column elementor-element elementor-element-8cd33b3\" data-id=\"8cd33b3\" data-element_type=\"column\">\n\t\t\t<div class=\"elementor-widget-wrap elementor-element-populated\">\n\t\t\t\t\t\t\t\t<div class=\"elementor-element elementor-element-7dc4467 elementor-widget elementor-widget-image\" data-id=\"7dc4467\" data-element_type=\"widget\" data-widget_type=\"image.default\">\n\t\t\t\t<div class=\"elementor-widget-container\">\n\t\t\t<style>\/*! elementor - v3.12.2 - 23-04-2023 *\/\n.elementor-widget-image{text-align:center}.elementor-widget-image a{display:inline-block}.elementor-widget-image a img[src$=\".svg\"]{width:48px}.elementor-widget-image img{vertical-align:middle;display:inline-block}<\/style>\t\t\t\t\t\t\t\t\t\t\t\t<img loading=\"lazy\" decoding=\"async\" width=\"1024\" height=\"768\" src=\"https:\/\/laperduda.com\/wp-content\/uploads\/2023\/06\/P8150089-1024x768.jpg\" class=\"attachment-large size-large wp-image-791\" alt=\"\" srcset=\"https:\/\/laperduda.com\/wp-content\/uploads\/2023\/06\/P8150089-1024x768.jpg 1024w, https:\/\/laperduda.com\/wp-content\/uploads\/2023\/06\/P8150089-300x225.jpg 300w, https:\/\/laperduda.com\/wp-content\/uploads\/2023\/06\/P8150089-768x576.jpg 768w, https:\/\/laperduda.com\/wp-content\/uploads\/2023\/06\/P8150089-1536x1152.jpg 1536w, https:\/\/laperduda.com\/wp-content\/uploads\/2023\/06\/P8150089-2048x1536.jpg 2048w, https:\/\/laperduda.com\/wp-content\/uploads\/2023\/06\/P8150089-600x450.jpg 600w\" sizes=\"auto, (max-width: 1024px) 100vw, 1024px\" \/>\t\t\t\t\t\t\t\t\t\t\t\t\t\t\t<\/div>\n\t\t\t\t<\/div>\n\t\t\t\t<div class=\"elementor-element elementor-element-ec9bbae elementor-invisible elementor-widget elementor-widget-heading\" data-id=\"ec9bbae\" data-element_type=\"widget\" data-settings=\"{&quot;_animation&quot;:&quot;fadeInUp&quot;}\" data-widget_type=\"heading.default\">\n\t\t\t\t<div class=\"elementor-widget-container\">\n\t\t\t<h3 class=\"elementor-heading-title elementor-size-default\">Art\u00edculo\/Cr\u00f3nica<\/h3>\t\t<\/div>\n\t\t\t\t<\/div>\n\t\t\t\t<div class=\"elementor-element elementor-element-c585707 elementor-widget elementor-widget-text-editor\" data-id=\"c585707\" data-element_type=\"widget\" data-widget_type=\"text-editor.default\">\n\t\t\t\t<div class=\"elementor-widget-container\">\n\t\t\t\t\t\t\t<p>Creaci\u00f3n de art\u00edculos, reportajes y cr\u00f3nicas para medios escritos o audiovisuales sobre tem\u00e1ticas sociales y\/o viajes.<\/p>\t\t\t\t\t\t<\/div>\n\t\t\t\t<\/div>\n\t\t\t\t\t<\/div>\n\t\t<\/div>\n\t\t\t\t<div class=\"elementor-column elementor-col-33 elementor-top-column elementor-element elementor-element-5049a81\" data-id=\"5049a81\" data-element_type=\"column\">\n\t\t\t<div class=\"elementor-widget-wrap elementor-element-populated\">\n\t\t\t\t\t\t\t\t<div class=\"elementor-element elementor-element-efa0da8 elementor-widget elementor-widget-image\" data-id=\"efa0da8\" data-element_type=\"widget\" data-widget_type=\"image.default\">\n\t\t\t\t<div class=\"elementor-widget-container\">\n\t\t\t\t\t\t\t\t\t\t\t\t\t\t\t<img loading=\"lazy\" decoding=\"async\" width=\"1024\" height=\"768\" src=\"https:\/\/laperduda.com\/wp-content\/uploads\/2023\/06\/P1010793-1024x768.jpg\" class=\"attachment-large size-large wp-image-795\" alt=\"\" srcset=\"https:\/\/laperduda.com\/wp-content\/uploads\/2023\/06\/P1010793-1024x768.jpg 1024w, https:\/\/laperduda.com\/wp-content\/uploads\/2023\/06\/P1010793-300x225.jpg 300w, https:\/\/laperduda.com\/wp-content\/uploads\/2023\/06\/P1010793-768x576.jpg 768w, https:\/\/laperduda.com\/wp-content\/uploads\/2023\/06\/P1010793-1536x1152.jpg 1536w, https:\/\/laperduda.com\/wp-content\/uploads\/2023\/06\/P1010793-2048x1536.jpg 2048w, https:\/\/laperduda.com\/wp-content\/uploads\/2023\/06\/P1010793-600x450.jpg 600w\" sizes=\"auto, (max-width: 1024px) 100vw, 1024px\" \/>\t\t\t\t\t\t\t\t\t\t\t\t\t\t\t<\/div>\n\t\t\t\t<\/div>\n\t\t\t\t<div class=\"elementor-element elementor-element-ca57993 elementor-invisible elementor-widget elementor-widget-heading\" data-id=\"ca57993\" data-element_type=\"widget\" data-settings=\"{&quot;_animation&quot;:&quot;fadeInUp&quot;}\" data-widget_type=\"heading.default\">\n\t\t\t\t<div class=\"elementor-widget-container\">\n\t\t\t<h3 class=\"elementor-heading-title elementor-size-default\">B\u00fasqueda de historias.<\/h3>\t\t<\/div>\n\t\t\t\t<\/div>\n\t\t\t\t<div class=\"elementor-element elementor-element-f8db68c elementor-widget elementor-widget-text-editor\" data-id=\"f8db68c\" data-element_type=\"widget\" data-widget_type=\"text-editor.default\">\n\t\t\t\t<div class=\"elementor-widget-container\">\n\t\t\t\t\t\t\t<p>Servicio de fixer para encontrar protagonistas e historias en distintas partes del mundo y gestionar el acceso a las mismas. Se estudiar\u00e1 cada petici\u00f3n para garantizar un trato humano y emp\u00e1tico hacia las personas.<\/p>\t\t\t\t\t\t<\/div>\n\t\t\t\t<\/div>\n\t\t\t\t\t<\/div>\n\t\t<\/div>\n\t\t\t\t<div class=\"elementor-column elementor-col-33 elementor-top-column elementor-element elementor-element-1f4f713\" data-id=\"1f4f713\" data-element_type=\"column\">\n\t\t\t<div class=\"elementor-widget-wrap elementor-element-populated\">\n\t\t\t\t\t\t\t\t<div class=\"elementor-element elementor-element-bfe8ffa elementor-widget elementor-widget-image\" data-id=\"bfe8ffa\" data-element_type=\"widget\" data-widget_type=\"image.default\">\n\t\t\t\t<div class=\"elementor-widget-container\">\n\t\t\t\t\t\t\t\t\t\t\t\t\t\t\t<img loading=\"lazy\" decoding=\"async\" width=\"1024\" height=\"768\" src=\"https:\/\/laperduda.com\/wp-content\/uploads\/2023\/06\/P1051702-1024x768.jpg\" class=\"attachment-large size-large wp-image-796\" alt=\"\" srcset=\"https:\/\/laperduda.com\/wp-content\/uploads\/2023\/06\/P1051702-1024x768.jpg 1024w, https:\/\/laperduda.com\/wp-content\/uploads\/2023\/06\/P1051702-300x225.jpg 300w, https:\/\/laperduda.com\/wp-content\/uploads\/2023\/06\/P1051702-768x576.jpg 768w, https:\/\/laperduda.com\/wp-content\/uploads\/2023\/06\/P1051702-1536x1152.jpg 1536w, https:\/\/laperduda.com\/wp-content\/uploads\/2023\/06\/P1051702-2048x1536.jpg 2048w, https:\/\/laperduda.com\/wp-content\/uploads\/2023\/06\/P1051702-600x450.jpg 600w\" sizes=\"auto, (max-width: 1024px) 100vw, 1024px\" \/>\t\t\t\t\t\t\t\t\t\t\t\t\t\t\t<\/div>\n\t\t\t\t<\/div>\n\t\t\t\t<div class=\"elementor-element elementor-element-160aa3b elementor-invisible elementor-widget elementor-widget-heading\" data-id=\"160aa3b\" data-element_type=\"widget\" data-settings=\"{&quot;_animation&quot;:&quot;fadeInUp&quot;}\" data-widget_type=\"heading.default\">\n\t\t\t\t<div class=\"elementor-widget-container\">\n\t\t\t<h3 class=\"elementor-heading-title elementor-size-default\">Localizaciones<\/h3>\t\t<\/div>\n\t\t\t\t<\/div>\n\t\t\t\t<div class=\"elementor-element elementor-element-7c38fee elementor-widget elementor-widget-text-editor\" data-id=\"7c38fee\" data-element_type=\"widget\" data-widget_type=\"text-editor.default\">\n\t\t\t\t<div class=\"elementor-widget-container\">\n\t\t\t\t\t\t\t<p>B\u00fasqueda de localizaciones art\u00edsticas para productos audiovisuales.<\/p>\t\t\t\t\t\t<\/div>\n\t\t\t\t<\/div>\n\t\t\t\t\t<\/div>\n\t\t<\/div>\n\t\t\t\t\t\t\t<\/div>\n\t\t<\/section>\n\t\t\t\t<section class=\"elementor-section elementor-top-section elementor-element elementor-element-cfa1abe elementor-section-boxed elementor-section-height-default elementor-section-height-default\" data-id=\"cfa1abe\" data-element_type=\"section\">\n\t\t\t\t\t\t<div class=\"elementor-container elementor-column-gap-default\">\n\t\t\t\t\t<div class=\"elementor-column elementor-col-25 elementor-top-column elementor-element elementor-element-aa2d3a4\" data-id=\"aa2d3a4\" data-element_type=\"column\">\n\t\t\t<div class=\"elementor-widget-wrap\">\n\t\t\t\t\t\t\t\t\t<\/div>\n\t\t<\/div>\n\t\t\t\t<div class=\"elementor-column elementor-col-25 elementor-top-column elementor-element elementor-element-09f7d25\" data-id=\"09f7d25\" data-element_type=\"column\">\n\t\t\t<div class=\"elementor-widget-wrap elementor-element-populated\">\n\t\t\t\t\t\t\t\t<div class=\"elementor-element elementor-element-7ea2d9a elementor-widget elementor-widget-image\" data-id=\"7ea2d9a\" data-element_type=\"widget\" data-widget_type=\"image.default\">\n\t\t\t\t<div class=\"elementor-widget-container\">\n\t\t\t\t\t\t\t\t\t\t\t\t\t\t\t<img loading=\"lazy\" decoding=\"async\" width=\"2560\" height=\"1920\" src=\"https:\/\/laperduda.com\/wp-content\/uploads\/2023\/06\/P1010917-scaled.jpg\" class=\"attachment-full size-full wp-image-794\" alt=\"\" srcset=\"https:\/\/laperduda.com\/wp-content\/uploads\/2023\/06\/P1010917-scaled.jpg 2560w, https:\/\/laperduda.com\/wp-content\/uploads\/2023\/06\/P1010917-300x225.jpg 300w, https:\/\/laperduda.com\/wp-content\/uploads\/2023\/06\/P1010917-1024x768.jpg 1024w, https:\/\/laperduda.com\/wp-content\/uploads\/2023\/06\/P1010917-768x576.jpg 768w, https:\/\/laperduda.com\/wp-content\/uploads\/2023\/06\/P1010917-1536x1152.jpg 1536w, https:\/\/laperduda.com\/wp-content\/uploads\/2023\/06\/P1010917-2048x1536.jpg 2048w, https:\/\/laperduda.com\/wp-content\/uploads\/2023\/06\/P1010917-600x450.jpg 600w\" sizes=\"auto, (max-width: 2560px) 100vw, 2560px\" \/>\t\t\t\t\t\t\t\t\t\t\t\t\t\t\t<\/div>\n\t\t\t\t<\/div>\n\t\t\t\t<div class=\"elementor-element elementor-element-79b05a1 elementor-invisible elementor-widget elementor-widget-heading\" data-id=\"79b05a1\" data-element_type=\"widget\" data-settings=\"{&quot;_animation&quot;:&quot;fadeInUp&quot;}\" data-widget_type=\"heading.default\">\n\t\t\t\t<div class=\"elementor-widget-container\">\n\t\t\t<h3 class=\"elementor-heading-title elementor-size-default\">Producci\u00f3n audiovisual<\/h3>\t\t<\/div>\n\t\t\t\t<\/div>\n\t\t\t\t<div class=\"elementor-element elementor-element-714cc60 elementor-widget elementor-widget-text-editor\" data-id=\"714cc60\" data-element_type=\"widget\" data-widget_type=\"text-editor.default\">\n\t\t\t\t<div class=\"elementor-widget-container\">\n\t\t\t\t\t\t\t<p>Apoyo y gesti\u00f3n de la pre-producci\u00f3n y producci\u00f3n de contenido audiovisual, principalmente documentales sociales.<\/p>\t\t\t\t\t\t<\/div>\n\t\t\t\t<\/div>\n\t\t\t\t\t<\/div>\n\t\t<\/div>\n\t\t\t\t<div class=\"elementor-column elementor-col-25 elementor-top-column elementor-element elementor-element-92dd8cc\" data-id=\"92dd8cc\" data-element_type=\"column\">\n\t\t\t<div class=\"elementor-widget-wrap elementor-element-populated\">\n\t\t\t\t\t\t\t\t<div class=\"elementor-element elementor-element-c42cead elementor-widget elementor-widget-image\" data-id=\"c42cead\" data-element_type=\"widget\" data-widget_type=\"image.default\">\n\t\t\t\t<div class=\"elementor-widget-container\">\n\t\t\t\t\t\t\t\t\t\t\t\t\t\t\t<img loading=\"lazy\" decoding=\"async\" width=\"2560\" height=\"1920\" src=\"https:\/\/laperduda.com\/wp-content\/uploads\/2023\/06\/P1010309-scaled.jpg\" class=\"attachment-full size-full wp-image-792\" alt=\"\" srcset=\"https:\/\/laperduda.com\/wp-content\/uploads\/2023\/06\/P1010309-scaled.jpg 2560w, https:\/\/laperduda.com\/wp-content\/uploads\/2023\/06\/P1010309-300x225.jpg 300w, https:\/\/laperduda.com\/wp-content\/uploads\/2023\/06\/P1010309-1024x768.jpg 1024w, https:\/\/laperduda.com\/wp-content\/uploads\/2023\/06\/P1010309-768x576.jpg 768w, https:\/\/laperduda.com\/wp-content\/uploads\/2023\/06\/P1010309-1536x1152.jpg 1536w, https:\/\/laperduda.com\/wp-content\/uploads\/2023\/06\/P1010309-2048x1536.jpg 2048w, https:\/\/laperduda.com\/wp-content\/uploads\/2023\/06\/P1010309-600x450.jpg 600w\" sizes=\"auto, (max-width: 2560px) 100vw, 2560px\" \/>\t\t\t\t\t\t\t\t\t\t\t\t\t\t\t<\/div>\n\t\t\t\t<\/div>\n\t\t\t\t<div class=\"elementor-element elementor-element-36b9fbd elementor-invisible elementor-widget elementor-widget-heading\" data-id=\"36b9fbd\" data-element_type=\"widget\" data-settings=\"{&quot;_animation&quot;:&quot;fadeInUp&quot;}\" data-widget_type=\"heading.default\">\n\t\t\t\t<div class=\"elementor-widget-container\">\n\t\t\t<h3 class=\"elementor-heading-title elementor-size-default\">Fotograf\u00eda<\/h3>\t\t<\/div>\n\t\t\t\t<\/div>\n\t\t\t\t<div class=\"elementor-element elementor-element-f37e6cd elementor-widget elementor-widget-text-editor\" data-id=\"f37e6cd\" data-element_type=\"widget\" data-widget_type=\"text-editor.default\">\n\t\t\t\t<div class=\"elementor-widget-container\">\n\t\t\t\t\t\t\t<p><span style=\"font-size: 12.0pt; line-height: 107%; font-family: 'Arial',sans-serif; mso-fareast-font-family: 'Times New Roman'; color: #222222; mso-font-kerning: 0pt; mso-ligatures: none; mso-ansi-language: ES-PE; mso-fareast-language: ES-PE; mso-bidi-language: AR-SA;\">Venta de fotograf\u00edas de viaje.<\/span><\/p>\t\t\t\t\t\t<\/div>\n\t\t\t\t<\/div>\n\t\t\t\t\t<\/div>\n\t\t<\/div>\n\t\t\t\t<div class=\"elementor-column elementor-col-25 elementor-top-column elementor-element elementor-element-7b3d8f0\" data-id=\"7b3d8f0\" data-element_type=\"column\">\n\t\t\t<div class=\"elementor-widget-wrap\">\n\t\t\t\t\t\t\t\t\t<\/div>\n\t\t<\/div>\n\t\t\t\t\t\t\t<\/div>\n\t\t<\/section>\n\t\t\t\t<section class=\"elementor-section elementor-top-section elementor-element elementor-element-96b2a24 elementor-section-boxed elementor-section-height-default elementor-section-height-default\" data-id=\"96b2a24\" data-element_type=\"section\" data-settings=\"{&quot;background_background&quot;:&quot;classic&quot;}\">\n\t\t\t\t\t\t<div class=\"elementor-container elementor-column-gap-default\">\n\t\t\t\t\t<div class=\"elementor-column elementor-col-16 elementor-top-column elementor-element elementor-element-2441593\" data-id=\"2441593\" data-element_type=\"column\">\n\t\t\t<div class=\"elementor-widget-wrap\">\n\t\t\t\t\t\t\t\t\t<\/div>\n\t\t<\/div>\n\t\t\t\t<div class=\"elementor-column elementor-col-66 elementor-top-column elementor-element elementor-element-7403c8a\" data-id=\"7403c8a\" data-element_type=\"column\">\n\t\t\t<div class=\"elementor-widget-wrap elementor-element-populated\">\n\t\t\t\t\t\t\t\t<div class=\"elementor-element elementor-element-f8b41ef elementor-widget elementor-widget-text-editor\" data-id=\"f8b41ef\" data-element_type=\"widget\" data-widget_type=\"text-editor.default\">\n\t\t\t\t<div class=\"elementor-widget-container\">\n\t\t\t\t\t\t\t<p>Crea un legado visual de tus vivencias.&nbsp;<\/p><p>\u00a1Aprende, investiga y comparte tus aventuras!<\/p>\t\t\t\t\t\t<\/div>\n\t\t\t\t<\/div>\n\t\t\t\t<div class=\"elementor-element elementor-element-f5e3b94 elementor-align-center elementor-widget elementor-widget-button\" data-id=\"f5e3b94\" data-element_type=\"widget\" data-widget_type=\"button.default\">\n\t\t\t\t<div class=\"elementor-widget-container\">\n\t\t\t\t\t<div class=\"elementor-button-wrapper\">\n\t\t\t<a href=\"mailto:info@laperduda.com\" class=\"elementor-button-link elementor-button elementor-size-lg\" role=\"button\">\n\t\t\t\t\t\t<span class=\"elementor-button-content-wrapper\">\n\t\t\t\t\t\t<span class=\"elementor-button-text\">M\u00c1S INFORMACI\u00d3N<\/span>\n\t\t<\/span>\n\t\t\t\t\t<\/a>\n\t\t<\/div>\n\t\t\t\t<\/div>\n\t\t\t\t<\/div>\n\t\t\t\t\t<\/div>\n\t\t<\/div>\n\t\t\t\t<div class=\"elementor-column elementor-col-16 elementor-top-column elementor-element elementor-element-1e069f1\" data-id=\"1e069f1\" data-element_type=\"column\">\n\t\t\t<div class=\"elementor-widget-wrap\">\n\t\t\t\t\t\t\t\t\t<\/div>\n\t\t<\/div>\n\t\t\t\t\t\t\t<\/div>\n\t\t<\/section>\n\t\t\t\t\t\t\t<\/div>\n\t\t","protected":false},"excerpt":{"rendered":"<p>Servicios La combinaci\u00f3n entre la curiosidad period\u00edstica, la visi\u00f3n art\u00edstica y la parte m\u00e1s humana hace que desde La perduda podamos entender el mundo y el potencial que tienen ciertos lugares e historias. Escribe a info@laperduda.com si quieres m\u00e1s detalles sobre los servicios, el portfolio o hacer una propuesta. Art\u00edculo\/Cr\u00f3nica Creaci\u00f3n de art\u00edculos, reportajes y &hellip;<\/p>\n<p class=\"read-more\"> <a class=\"\" href=\"https:\/\/laperduda.com\/index.php\/produccion\/\"> <span class=\"screen-reader-text\">Producci\u00f3n<\/span> Leer m\u00e1s &raquo;<\/a><\/p>\n","protected":false},"author":1,"featured_media":0,"parent":0,"menu_order":0,"comment_status":"closed","ping_status":"closed","template":"","meta":{"site-sidebar-layout":"no-sidebar","site-content-layout":"page-builder","ast-global-header-display":"","ast-main-header-display":"","ast-hfb-above-header-display":"","ast-hfb-below-header-display":"","ast-hfb-mobile-header-display":"","site-post-title":"disabled","ast-breadcrumbs-content":"","ast-featured-img":"disabled","footer-sml-layout":"","theme-transparent-header-meta":"","adv-header-id-meta":"","stick-header-meta":"","header-above-stick-meta":"","header-main-stick-meta":"","header-below-stick-meta":"","footnotes":""},"class_list":["post-37","page","type-page","status-publish","hentry"],"_links":{"self":[{"href":"https:\/\/laperduda.com\/index.php\/wp-json\/wp\/v2\/pages\/37","targetHints":{"allow":["GET"]}}],"collection":[{"href":"https:\/\/laperduda.com\/index.php\/wp-json\/wp\/v2\/pages"}],"about":[{"href":"https:\/\/laperduda.com\/index.php\/wp-json\/wp\/v2\/types\/page"}],"author":[{"embeddable":true,"href":"https:\/\/laperduda.com\/index.php\/wp-json\/wp\/v2\/users\/1"}],"replies":[{"embeddable":true,"href":"https:\/\/laperduda.com\/index.php\/wp-json\/wp\/v2\/comments?post=37"}],"version-history":[{"count":67,"href":"https:\/\/laperduda.com\/index.php\/wp-json\/wp\/v2\/pages\/37\/revisions"}],"predecessor-version":[{"id":871,"href":"https:\/\/laperduda.com\/index.php\/wp-json\/wp\/v2\/pages\/37\/revisions\/871"}],"wp:attachment":[{"href":"https:\/\/laperduda.com\/index.php\/wp-json\/wp\/v2\/media?parent=37"}],"curies":[{"name":"wp","href":"https:\/\/api.w.org\/{rel}","templated":true}]}}